{"id":1058,"date":"2014-01-18T22:12:33","date_gmt":"2014-01-18T21:12:33","guid":{"rendered":"http:\/\/swiss-functional-training.ch?page_id=1058"},"modified":"2014-09-24T14:42:08","modified_gmt":"2014-09-24T13:42:08","slug":"externe-links-zu-kritischen-artikeln-betreffend-dehnenstretching","status":"publish","type":"page","link":"https:\/\/swiss-functional-training.ch\/?page_id=1058","title":{"rendered":"stop stretching &#8211; externe Links"},"content":{"rendered":"<blockquote><p>&#8222;Es ist naiv, anzunehmen, da\u00df an einem Muskel nur gezogen zu werden braucht, damit dieser l\u00e4nger wird. Der Schwanz einer Katze wird auch nicht l\u00e4nger, wenn man daran zieht. Wenn ein Muskel zu kurz ist, dann mu\u00df dieser umtrainiert werden. Beim Dehnen passiert entweder gar nichts oder es entstehen zus\u00e4tzliche Sch\u00e4digungen. Deswegen ist bei unserer Behandlungsweise jede Art von Dehntechnik prinzipiell untersagt&#8220; (<a href=\"http:\/\/www.biokinematik.de\/html\/Inhalt\/Verschiedenes\/Stretching.html\" target=\"_blank\">Dr.W. Packi<\/a>).<\/p>\n<p><span style=\"font-style: normal; color: #504945;\">&#8222;Historically, stretching has been considered one of those \u201cdoes no wrong\u201d activities, one that\u2019s been largely overlooked by virtually everyone outside of a yoga studio. But over the last two decades or so, people have started to figure out that stretching isn\u2019t quite the holy grail of healthy training&#8220; (<a href=\"http:\/\/www.simplyshredded.com\/the-science-behind-stretching-written-by-menno-henselmans.html\" target=\"_blank\">Henselmans, 2014<\/a>)<\/span><\/p><\/blockquote>\n<p>Auf dieser Seite (am Ende) findest du Links zu externen Artikeln, welche sich kritisch mit dem Thema Dehnen\/Stretching auseinandersetzen. Meine pers\u00f6nliche \u00dcberzeugungen betreffend Stretching kannst du<a title=\"Beweglichkeit durch Bewegung, denn Form folgt Funktion\" href=\"http:\/\/swiss-functional-training.ch?p=791\" target=\"_blank\">\u00a0hier<\/a>, <a title=\"Sarkomer &amp; Sarkomer = doppelte Beweglichkeit\" href=\"http:\/\/swiss-functional-training.ch?p=793\" target=\"_blank\">hier<\/a> und <a title=\"Text Beweglichkeit\" href=\"http:\/\/swiss-functional-training.ch?page_id=245\" target=\"_blank\">hier<\/a> nachlesen, auf dieser Seite m\u00f6chte ich andere Personen zu Wort kommen lassen.<\/p>\n<p>Folgendes m\u00f6chte ich zuvor aber trotzdem noch anmerken:<\/p>\n<p><a href=\"http:\/\/swiss-functional-training.chwp-content\/uploads\/2014\/03\/stop-stretching-but-start-moving1-Kopie.jpg\"><img loading=\"lazy\" decoding=\"async\" class=\"alignright size-medium wp-image-1428\" src=\"http:\/\/swiss-functional-training.chwp-content\/uploads\/2014\/03\/stop-stretching-but-start-moving1-Kopie-300x247.jpg\" alt=\"stop stretching but start moving1 Kopie\" width=\"300\" height=\"247\" srcset=\"https:\/\/swiss-functional-training.ch\/wp-content\/uploads\/2014\/03\/stop-stretching-but-start-moving1-Kopie-300x247.jpg 300w, https:\/\/swiss-functional-training.ch\/wp-content\/uploads\/2014\/03\/stop-stretching-but-start-moving1-Kopie-600x495.jpg 600w, https:\/\/swiss-functional-training.ch\/wp-content\/uploads\/2014\/03\/stop-stretching-but-start-moving1-Kopie-363x300.jpg 363w, https:\/\/swiss-functional-training.ch\/wp-content\/uploads\/2014\/03\/stop-stretching-but-start-moving1-Kopie.jpg 625w\" sizes=\"auto, (max-width: 300px) 100vw, 300px\" \/><\/a>Ich verstehe unter dem Begriff Dehnen\/Stretching eine Ansammlung an Trainingsformen die der \u00dcberzeugung folgen, dass man Bindegewebe, aber vor allem Muskeln im passiven Zustand (keine Muskelaktivit\u00e4t) auseinander ziehen muss um sie entweder l\u00e4nger oder dehnbarer zu machen<em>, o<\/em>der aber ein Versuch die eigene Schmerzgrenze (Schmerztoleranz) zu verschieben. Bei dieser T\u00e4tigkeit sollte die Muskulatur zum Zeitpunkt der Dehnung m\u00f6glichst nicht aktiviert sein. Zus\u00e4tzlich ist man bei dieser T\u00e4tigkeit dazu bereit Schmerzen zu ertragen, denn nur dann &#8218;mache Stretching Sinn&#8216;, wie auch f\u00fchrende Autoren schreiben:<\/p>\n<blockquote><p><i>\u201eSchonung ergibt keine Wirkung!\u00a0<\/i>Eine Dehnung ist nur dann sinnvoll, wenn ein Reiz auf das Nervensystem und die bindegewebigen Strukturen ausge\u00fcbt wird. Das Empfinden eines intensiven Dehnungsgef\u00fchls <span style=\"color: #0000ff;\">bis hin zu einem angenehmen Dehnungsschmerz ist wichtig<\/span>, um eine Wirkung zu provozieren&#8220; (Albrecht, Meyer, Zahner, Stretching- Das Expertenhandbuch, 2001, \u00a0S.59).<\/p><\/blockquote>\n<p>Auch im folgenden Zitat eines f\u00fchrenden Forschers auf diesem Gebiet kommt meines Erachtens sehr verst\u00e4ndlich zum Ausdruck, dass in Verbindung mit Dehnen von Schmerzen gesprochen werden sollte:<\/p>\n<blockquote><p><span style=\"color: #000000;\">\u201eDehnungen k\u00f6nnen in endgradigen Dehnstellungen zu einem Gef\u00fchl f\u00fchren, dass in der Literatur meist als\u00a0\u201aDehnspannung\u2018 beschrieben wird.\u00a0<span style=\"color: #0000ff;\">Wenn man jedoch die Sportler bzw. Patienten n\u00e4her befragt, beschreiben Sie eher einen\u00a0Dehnungsschmerz.<\/span> Endgradige Dehnungen der Muskulatur und anderer Gewebe f\u00fchren zu hohen mechanischen Spannungen; sie k\u00f6nnen sogar \u00fcber die\u00a0mechanischen Spannungen\u00a0hinausgehen, die bei maximalen isometrischen Kontraktionen auf die serienelastischen Elemente wirken (vgl. Abb. (&#8230;)).\u00a0<span style=\"color: #0000ff;\">Unter Ber\u00fccksichtigung dieser Tatsache macht es Sinn, in Verbindung mit Dehnung von Schmerzen zu sprechen<\/span>, da die Gewebe einerseits durch\u00a0hohe mechanische Spannung\u00a0zur Anpassung gezwungen werden sollen, andererseits durch diese hohen mechanischen Spannungen auch in Gefahr sind, was typischerweise das\u00a0Schmerzsystem\u00a0aktiviert\u201c (Freiwald, Optimales Dehnen, 2009, S.115-116).<\/span><\/p><\/blockquote>\n<p>Und so klingt das dann in der Praxis:<\/p>\n<blockquote><p>\u201eMeine Freundin hat mit Ballett angefangen und ist mit Begeisterung dabei. Mich st\u00f6rt, dass sie berichtet, <span style=\"color: #0000ff;\">dass ihr Trainer meint, dass ein Dehnschmerz ein gesunder Schmerz ist<\/span>. Am Anfang des Trainings dehnen sich die Frauen und sollen die Dehnung rund eine Minute halten. <span style=\"color: #0000ff;\">Der Schmerz soll weggeatmet werden und sei v\u00f6llig gesund.<\/span> Stimmt das so?\u201c (<a href=\"http:\/\/www.gesundheitsfrage.net\/frage\/ist-dehnschmerz-gesunder-schmerz\" target=\"_blank\">Quelle<\/a>).<\/p>\n<p>\u201e<span style=\"color: #0000ff;\">Ist es schmerzhaft? Ja, aber ich finde es lohnt sich<\/span>&#8222;(<a href=\"https:\/\/www.youtube.com\/watch?v=eYafHTsGY0Q\" target=\"_blank\">Quelle YouTube bei 0:33<\/a>).\u201c<\/p>\n<p>\u201eTja, ist nunmal so!<br \/>\nHabe mein Knie 2 Monate nur max. 90\u00b0 anwinkeln d\u00fcrfen. <span style=\"color: #0000ff;\">Wenn mein Physiotherapeut in der Reha jetzt das Knie etwas weiter runterdr\u00fcckt, kommen mir auch manchmal (fast) die Tr\u00e4nen.<\/span> Das ist alles \u00dcbungssache, sprich: das wird schon!\u201c (<a href=\"http:\/\/www.cheerforum.de\/threads\/schmerzen-beim-dehnen.9212\/\" target=\"_blank\">Quelle\u00a0<\/a>)<\/p>\n<p>\u201e<span style=\"color: #0000ff;\">Jetzt k\u00f6nnen wir wirklich schon bis in die Schmerzgrenze hinein dehnen<\/span> (Zeit 2.45). Versucht auch den <span style=\"color: #0000ff;\">Dehnschmerz<\/span> leicht mit der Atmung zu regulieren (Zeit 2:54). Zieht dann langsam euer Bein <span style=\"color: #0000ff;\">bis in die Schmerzgrenze hinein<\/span> und versucht auch hier wieder zu halten (Zeit 4:30). Und zieht ganz tief,<span style=\"color: #0000ff;\"> jetzt muss es, ja, schon fast nicht mehr auszuhalten sein<\/span>, nat\u00fcrlich nicht \u00fcberm\u00e4ssig in die Dehnung hinein sondern so dass wir wirklich sagen, <span style=\"color: #0000ff;\">ok jetzt ist die Schmerzgrenze und hier halten wir es gerade noch so aus<\/span>. (Zeit 9.40). \u201c (<a href=\"https:\/\/www.youtube.com\/watch?v=79Zn6Yepbqc\" target=\"_blank\">Quelle YouTube Video<\/a>).<\/p><\/blockquote>\n<p>Solchen \u00dcberzeugungen gegen\u00fcber bin ich sehr skeptisch.<\/p>\n<p>Keine M\u00fche habe ich hingegen damit, wenn Muskeln oder Bindegewebe w\u00e4hrend aktiven, artgerechten Bewegungsmustern im schmerzfreien Bereich unter Spannung (Dehnung) geraten, dies ist absolut nat\u00fcrlich und sinnvoll. Wenn du also unter dem Begriff <em>Stretching\/Dehnen<\/em> eine T\u00e4tigkeit verstehst, welche nicht versucht K\u00f6rpergewebe auseinander zu ziehen um es l\u00e4nger oder dehnbarer zu machen, oder sein Nervensystem zu \u00fcberlisten und du dabei keine Schmerzen in Kauf nimmst, dann musst du dich von dieser Seite hier nicht angesprochen f\u00fchlen, interessant k\u00f6nnte es trotzdem sein.<\/p>\n<p>Zus\u00e4tzlich soll gesagt sein, dass ich nicht sicher bin (und auch etwas bezweifle), ob mit meiner Theorie ein Seit-Spagat m\u00f6glich ist. Vielleicht ist es tats\u00e4chlich so, dass diese K\u00f6rperstellung nur unter Schmerzen zu erreichen ist, in dem man den K\u00f6rper mit Gewalt in diese Stellung zwingt, was dann so aussehen kann: <a title=\"dumm ist der der Dummes tut\" href=\"https:\/\/www.youtube.com\/watch?v=ot2oUsumTX8\" target=\"_blank\">Video 1<\/a>\u00a0oder so <a href=\"https:\/\/www.youtube.com\/watch?v=asrVdK4B1gs\" target=\"_blank\">Video\u00a02<\/a>\u00a0oder vielleicht so <a href=\"https:\/\/www.youtube.com\/watch?v=pXgRz8zZigk\" target=\"_blank\">Video\u00a03<\/a>!<\/p>\n<p>Und bevor du dich\u00a0nun vielleicht mit den kritischen Artikeln befassen, hier noch ein paar Eindr\u00fccke wie <strong>Beweglichkeit in der Praxis<\/strong> aussieht, wenn meiner Meinung nach der Geist \u00fcber den K\u00f6rper gesiegt hat (<strong>passive Beweglichkeit<\/strong>):<\/p>\n<p><a title=\"Video 1\" href=\"https:\/\/www.youtube.com\/watch?v=Nvu1HHQnobc\" target=\"_blank\">1.Video z.B. bei 0.38<\/a>\u00a0 \u00a0 \u00a0<a title=\"Video 2\" href=\"https:\/\/www.youtube.com\/watch?v=4t2OLXi2xvY\" target=\"_blank\">2.Video z.B. bei 1.35.08<\/a>\u00a0 \u00a0 \u00a0<a title=\"Video 3\" href=\"https:\/\/www.youtube.com\/watch?v=PLBOsOt3qtc\" target=\"_blank\">3.Video z.B. bei 4.40<\/a><\/p>\n<p>und wie <strong>Beweglichkeit in der Praxis<\/strong> aussehen kann, wenn K\u00f6rper und Geist in Harmonie zu sein scheinen (<strong>aktive Beweglichkeit<\/strong>):<\/p>\n<p><a title=\"Video 1\" href=\"https:\/\/www.youtube.com\/watch?v=65PqQCaJTeM\" target=\"_blank\">1.Video z.B. bei 5.40<\/a> \u00a0 \u00a0 \u00a0<a href=\"https:\/\/www.youtube.com\/watch?v=lTRqneAsutU\" target=\"_blank\">2.Video z.B. bei 4.00<\/a><\/p>\n<p><a href=\"http:\/\/swiss-functional-training.chwp-content\/uploads\/2012\/11\/active-mobility.jpg\"><img loading=\"lazy\" decoding=\"async\" class=\"aligncenter size-large wp-image-1490\" src=\"http:\/\/swiss-functional-training.chwp-content\/uploads\/2012\/11\/active-mobility-1024x568.jpg\" alt=\"active mobility vs passive mobility\" width=\"584\" height=\"323\" srcset=\"https:\/\/swiss-functional-training.ch\/wp-content\/uploads\/2012\/11\/active-mobility-1024x568.jpg 1024w, https:\/\/swiss-functional-training.ch\/wp-content\/uploads\/2012\/11\/active-mobility-300x166.jpg 300w, https:\/\/swiss-functional-training.ch\/wp-content\/uploads\/2012\/11\/active-mobility-600x333.jpg 600w, https:\/\/swiss-functional-training.ch\/wp-content\/uploads\/2012\/11\/active-mobility-500x277.jpg 500w\" sizes=\"auto, (max-width: 584px) 100vw, 584px\" \/><\/a><\/p>\n<p>Jetzt aber zu den Links:<\/p>\n<p><strong>englisch:<\/strong><\/p>\n<p><a href=\"http:\/\/saveyourself.ca\/articles\/stretching.php\" target=\"_blank\">Quite a stretch \u2013 Paul Ingraham &#8211; 2013<\/a><\/p>\n<h2 style=\"font-weight: normal; color: #504945;\"><a href=\"http:\/\/www.simplyshredded.com\/the-science-behind-stretching-written-by-menno-henselmans.html\" target=\"_blank\">Learn The Facts: The Science Behind Stretching \u2013 Menno Henselmans &#8211; 2013<\/a><\/h2>\n<p><a href=\"http:\/\/well.blogs.nytimes.com\/2013\/04\/03\/reasons-not-to-stretch\/?_php=true&amp;_type=blogs&amp;_php=true&amp;_type=blogs&amp;_r=2\" target=\"_blank\">10 Reasons not to stretch \u2013 New York Times &#8211; 2013 <\/a><a href=\"http:\/\/well.blogs.nytimes.com\/2013\/04\/03\/reasons-not-to-stretch\/?_php=true&amp;_type=blogs&amp;_r=1\"><br \/>\n<\/a><\/p>\n<p><a href=\"http:\/\/sock-doc.com\/2011\/04\/stop-stretching\/\" target=\"_blank\">Stop Stretching \u2013 Dr.Gangemi &#8211; 2013<\/a><\/p>\n<p><a href=\"https:\/\/www.youtube.com\/watch?v=7qYYhkfu_vc\" target=\"_blank\">Video: Doug Richards on Stretching: The Truth &#8211; 2012<\/a><\/p>\n<p><a href=\"http:\/\/running.competitor.com\/2013\/06\/training\/want-to-improve-your-economy-stop-stretching_21094\" target=\"_blank\">Want To Improve Your Economy? Stop Stretching &#8211; Matt Fitzgerald &#8211; 2013<\/a><\/p>\n<p><a href=\"http:\/\/sock-doc.com\/2012\/09\/move_naturally-dont_stretch\/\" target=\"_blank\">Stretching is Dangerous &#8211; Dr.Gangemi &#8211; 2013<\/a><\/p>\n<p><a href=\"http:\/\/sock-doc.com\/2012\/01\/do-not-stretch-list\/\" target=\"_blank\">Do Not Stretch! 10 Reasons Not to Stretch &#8211; Dr.Gangemi &#8211; 2012<\/a><\/p>\n<p><a href=\"http:\/\/www.somastruct.com\/more-bad-news-for-static-stretching\/\" target=\"_blank\">More Bad News For Static Stretching &#8211; James Speck &#8211; 2013<\/a><\/p>\n<p><a href=\"http:\/\/www.somastruct.com\/problems-sensory-theory-of-stretching\/\" target=\"_blank\">The Problems with the Stretch Tolerance Theory &#8211; James Speck &#8211; 2013<\/a><\/p>\n<p><strong>deutsch:<\/strong><\/p>\n<p><a href=\"http:\/\/www.biokinematik.de\/html\/Inhalt\/Verschiedenes\/Stretching.html\" target=\"_blank\">Stretching oder Dehnen &#8211; Die Katze am Schwanz packen &#8211; Dr. W. Packi<\/a><\/p>\n<p><a href=\"http:\/\/www.functio.eu\/download\/img024.pdf\" target=\"_blank\">PDF\u00a0Passive Muskeldehntechniken zur Detonisierung der Muskulatur &#8211; 2003<\/a><\/p>\n<p><a href=\"http:\/\/www.osteopath-hannover.com\/wp-content\/uploads\/Mythos-Stretching1.pdf\" target=\"_blank\">PDF Mythos Dehnung \/ Stretching &#8211; Dr. Stein 2010<\/a><\/p>\n<p><a href=\"http:\/\/swiss-functional-training.chwp-content\/uploads\/2012\/11\/Beweglichkeit-durch-Bewegung-denn-Form-folgt-Funktion1-Kopie.jpg\"><img loading=\"lazy\" decoding=\"async\" class=\"aligncenter size-medium wp-image-1434\" src=\"http:\/\/swiss-functional-training.chwp-content\/uploads\/2012\/11\/Beweglichkeit-durch-Bewegung-denn-Form-folgt-Funktion1-Kopie-300x247.jpg\" alt=\"Beweglichkeit durch Bewegung denn Form folgt Funktion\" width=\"300\" height=\"247\" srcset=\"https:\/\/swiss-functional-training.ch\/wp-content\/uploads\/2012\/11\/Beweglichkeit-durch-Bewegung-denn-Form-folgt-Funktion1-Kopie-300x247.jpg 300w, https:\/\/swiss-functional-training.ch\/wp-content\/uploads\/2012\/11\/Beweglichkeit-durch-Bewegung-denn-Form-folgt-Funktion1-Kopie-600x495.jpg 600w, https:\/\/swiss-functional-training.ch\/wp-content\/uploads\/2012\/11\/Beweglichkeit-durch-Bewegung-denn-Form-folgt-Funktion1-Kopie-363x300.jpg 363w, https:\/\/swiss-functional-training.ch\/wp-content\/uploads\/2012\/11\/Beweglichkeit-durch-Bewegung-denn-Form-folgt-Funktion1-Kopie.jpg 625w\" sizes=\"auto, (max-width: 300px) 100vw, 300px\" \/><\/a><\/p>\n","protected":false},"excerpt":{"rendered":"<p>&#8222;Es ist naiv, anzunehmen, da\u00df an einem Muskel nur gezogen zu werden braucht, damit dieser l\u00e4nger wird. Der Schwanz einer Katze wird auch nicht l\u00e4nger, wenn man daran zieht. Wenn ein Muskel zu kurz ist, dann mu\u00df dieser umtrainiert werden. &hellip; <a href=\"https:\/\/swiss-functional-training.ch\/?page_id=1058\">Weiterlesen <span class=\"meta-nav\">&rarr;<\/span><\/a><\/p>\n","protected":false},"author":1,"featured_media":0,"parent":0,"menu_order":0,"comment_status":"closed","ping_status":"closed","template":"sidebar-page.php","meta":{"footnotes":""},"class_list":["post-1058","page","type-page","status-publish","hentry"],"_links":{"self":[{"href":"https:\/\/swiss-functional-training.ch\/index.php?rest_route=\/wp\/v2\/pages\/1058","targetHints":{"allow":["GET"]}}],"collection":[{"href":"https:\/\/swiss-functional-training.ch\/index.php?rest_route=\/wp\/v2\/pages"}],"about":[{"href":"https:\/\/swiss-functional-training.ch\/index.php?rest_route=\/wp\/v2\/types\/page"}],"author":[{"embeddable":true,"href":"https:\/\/swiss-functional-training.ch\/index.php?rest_route=\/wp\/v2\/users\/1"}],"replies":[{"embeddable":true,"href":"https:\/\/swiss-functional-training.ch\/index.php?rest_route=%2Fwp%2Fv2%2Fcomments&post=1058"}],"version-history":[{"count":62,"href":"https:\/\/swiss-functional-training.ch\/index.php?rest_route=\/wp\/v2\/pages\/1058\/revisions"}],"predecessor-version":[{"id":1747,"href":"https:\/\/swiss-functional-training.ch\/index.php?rest_route=\/wp\/v2\/pages\/1058\/revisions\/1747"}],"wp:attachment":[{"href":"https:\/\/swiss-functional-training.ch\/index.php?rest_route=%2Fwp%2Fv2%2Fmedia&parent=1058"}],"curies":[{"name":"wp","href":"https:\/\/api.w.org\/{rel}","templated":true}]}}