{"id":86,"date":"2012-11-08T08:23:29","date_gmt":"2012-11-08T07:23:29","guid":{"rendered":"http:\/\/swiss-functional-training.ch?page_id=86"},"modified":"2026-03-26T06:17:17","modified_gmt":"2026-03-26T05:17:17","slug":"kontakt","status":"publish","type":"page","link":"https:\/\/swiss-functional-training.ch\/?page_id=86","title":{"rendered":"Kontakt"},"content":{"rendered":"<p><strong>Herzlich willkommen auf meiner Internetseite:<\/strong><\/p>\n<p>Thomas (Tom) Schwendener<br \/>\nhello (at) swiss-functional-training.ch<\/p>\n<p><strong>Ausbildungen:<\/strong><\/p>\n<ul>\n<li>Master of Sports Science<\/li>\n<li>ACSM Health Fitness Specialist<\/li>\n<li>dipl. Sportlehrer Sekundarstufe II<\/li>\n<li>FMS 1 zertifiziert<\/li>\n<li>TRX Gruppenkurs-Instruktor<\/li>\n<li>R\u00fcckenschullehrer (durch ISR-Institut f\u00fcr Sport und Rehabilitation)<\/li>\n<\/ul>\n<p><strong>\u00a9 SFT Swiss Functional Training &#8211; Thomas Schwendener<\/strong><br \/>\nAlle Texte und Abbildungen sind urheberrechtlich gesch\u00fctzt und d\u00fcrfen ohne Genehmigung nicht weiter verwendet werden.<\/p>\n<p><strong>Haftungsausschluss (Disclaimer):<\/strong><\/p>\n<p><strong>\u200bUrheberrecht<\/strong><br \/>\nDie durch den Seitenbetreiber erstellten Inhalte und Werke auf diesen Seiten unterliegen dem Schweizer Urheberrecht. Die Vervielf\u00e4ltigung, Bearbeitung, Verbreitung und jede Art der Verwertung au\u00dferhalb der Grenzen des Urheberrechtes bed\u00fcrfen der schriftlichen Zustimmung des jeweiligen Autors bzw. Erstellers. Downloads und Kopien dieser Seite sind nur f\u00fcr den privaten, nicht kommerziellen Gebrauch gestattet. Soweit die Inhalte auf dieser Seite nicht vom Betreiber erstellt wurden, werden die Urheberrechte Dritter beachtet. Insbesondere werden Inhalte Dritter als solche gekennzeichnet. Sollten Sie trotzdem auf eine Urheberrechtsverletzung aufmerksam werden, bitte ich Sie um einen entsprechenden Hinweis. Bei Bekanntwerden von Rechtsverletzungen werde ich derartige Inhalte umgehend entfernen.<br \/>\n\u200b<br \/>\n<strong>Haftung f\u00fcr Inhalte<\/strong><br \/>\nDie Inhalte der Seiten wurden mit gr\u00f6\u00dfter Sorgfalt erstellt. F\u00fcr die Richtigkeit, Vollst\u00e4ndigkeit und Aktualit\u00e4t der Inhalte kann ich aber keine Gew\u00e4hr \u00fcbernehmen.<br \/>\nAls Diensteanbieter bin ich f\u00fcr eigene Inhalte auf diesen Seiten nach den allgemeinen Gesetzen verantwortlich. Ich bin als Diensteanbieter jedoch nicht verpflichtet, \u00fcbermittelte oder gespeicherte fremde Informationen zu \u00fcberwachen oder nach Umst\u00e4nden zu forschen, die auf eine rechtswidrige T\u00e4tigkeit hinweisen. Verpflichtungen zur Entfernung oder Sperrung der Nutzung von Informationen nach den allgemeinen Gesetzen bleiben hiervon unber\u00fchrt. Eine diesbez\u00fcgliche Haftung ist jedoch erst ab dem Zeitpunkt der Kenntnis einer konkreten Rechtsverletzung m\u00f6glich. Bei bekannt werden von entsprechenden Rechtsverletzungen werde ich diese Inhalte umgehend entfernen.<\/p>\n<p><strong>\u200bHaftung f\u00fcr Links<\/strong><br \/>\nDiese Internetseite enth\u00e4lt Links zu externen Webseiten Dritter, auf deren Inhalte ich keinen Einfluss habe. Deshalb kann ich f\u00fcr diese fremden Inhalte auch keine Gew\u00e4hr \u00fcbernehmen. F\u00fcr die Inhalte der verlinkten Seiten ist stets der jeweilige Anbieter oder Betreiber der Seiten verantwortlich. Die verlinkten Seiten wurden zum Zeitpunkt der Verlinkung auf m\u00f6gliche Rechtsverst\u00f6\u00dfe \u00fcberpr\u00fcft. Rechtswidrige Inhalte waren zum Zeitpunkt der Verlinkung nicht erkennbar. Eine permanente inhaltliche Kontrolle der verlinkten Seiten ist jedoch ohne konkrete Anhaltspunkte einer Rechtsverletzung nicht zumutbar. Bei Bekanntwerden von Rechtsverletzungen werden wir derartige Links umgehend entfernen.<\/p>\n<p><strong>\u200bDatenschutzerkl\u00e4rung f\u00fcr die Nutzung von Facebook-Plugins (Like-Button)<\/strong><br \/>\nAuf dieser Seite sind Plugins des sozialen Netzwerks Facebook und Youtube integriert. Diese Plugins erkennen Sie an den entsprechenden Logos oder dem &#8222;Like-Button&#8220; (&#8222;Gef\u00e4llt mir&#8220;) auf der Seite. Wenn Sie meine Seiten besuchen, wird \u00fcber das Plugin eine direkte Verbindung zwischen Ihrem Browser und dem Facebook-Server hergestellt. Facebook erh\u00e4lt dadurch die Information, dass Sie mit Ihrer IP-Adresse meine Seite besucht haben. Wenn Sie den Facebook &#8222;Like-Button&#8220; oder einer der anderen social Media Kan\u00e4le anklicken w\u00e4hrend Sie in Ihrem Account eingeloggt sind, k\u00f6nnen Sie die Inhalte dieser Seiten auf Ihrem Profil verlinken. Dadurch kann das Social Media Medium den Besuch meinen Seiten Ihrem Benutzerkonto zuordnen. Ich weise darauf hin, dass ich als Anbieter der Seiten keine Kenntnis vom Inhalt der \u00fcbermittelten Daten sowie deren Nutzung durch Facebook erhalte. Weitere Informationen hierzu finden Sie in der Datenschutzerkl\u00e4rung von facebook unter http:\/\/de-de.facebook.com\/policy.php<br \/>\nWenn Sie nicht w\u00fcnschen, dass Facebook oder andere Social Media Kan\u00e4le den Besuch meiner Seiten Ihrem Nutzerkonto zuordnen kann, loggen Sie sich bitte aus Ihrem Benutzerkonto aus.<\/p>\n","protected":false},"excerpt":{"rendered":"<p>Herzlich willkommen auf meiner Internetseite: Thomas (Tom) Schwendener hello (at) swiss-functional-training.ch Ausbildungen: Master of Sports Science ACSM Health Fitness Specialist dipl. Sportlehrer Sekundarstufe II FMS 1 zertifiziert TRX Gruppenkurs-Instruktor R\u00fcckenschullehrer (durch ISR-Institut f\u00fcr Sport und Rehabilitation) \u00a9 SFT Swiss Functional &hellip; <a href=\"https:\/\/swiss-functional-training.ch\/?page_id=86\">Weiterlesen <span class=\"meta-nav\">&rarr;<\/span><\/a><\/p>\n","protected":false},"author":1,"featured_media":0,"parent":0,"menu_order":1,"comment_status":"closed","ping_status":"closed","template":"sidebar-page.php","meta":{"footnotes":""},"class_list":["post-86","page","type-page","status-publish","hentry"],"_links":{"self":[{"href":"https:\/\/swiss-functional-training.ch\/index.php?rest_route=\/wp\/v2\/pages\/86","targetHints":{"allow":["GET"]}}],"collection":[{"href":"https:\/\/swiss-functional-training.ch\/index.php?rest_route=\/wp\/v2\/pages"}],"about":[{"href":"https:\/\/swiss-functional-training.ch\/index.php?rest_route=\/wp\/v2\/types\/page"}],"author":[{"embeddable":true,"href":"https:\/\/swiss-functional-training.ch\/index.php?rest_route=\/wp\/v2\/users\/1"}],"replies":[{"embeddable":true,"href":"https:\/\/swiss-functional-training.ch\/index.php?rest_route=%2Fwp%2Fv2%2Fcomments&post=86"}],"version-history":[{"count":47,"href":"https:\/\/swiss-functional-training.ch\/index.php?rest_route=\/wp\/v2\/pages\/86\/revisions"}],"predecessor-version":[{"id":2480,"href":"https:\/\/swiss-functional-training.ch\/index.php?rest_route=\/wp\/v2\/pages\/86\/revisions\/2480"}],"wp:attachment":[{"href":"https:\/\/swiss-functional-training.ch\/index.php?rest_route=%2Fwp%2Fv2%2Fmedia&parent=86"}],"curies":[{"name":"wp","href":"https:\/\/api.w.org\/{rel}","templated":true}]}}