{"id":946,"date":"2013-12-15T17:35:41","date_gmt":"2013-12-15T16:35:41","guid":{"rendered":"http:\/\/swiss-functional-training.ch?page_id=946"},"modified":"2014-03-28T09:46:45","modified_gmt":"2014-03-28T08:46:45","slug":"uebungen","status":"publish","type":"page","link":"https:\/\/swiss-functional-training.ch\/?page_id=946","title":{"rendered":"\u00dcbungsvideos"},"content":{"rendered":"<p>Hier finden Sie eine kleine Auswahl einiger sinnvoller \u00dcbungen f\u00fcr ein gesundheitsorientiertes Functional Training.<\/p>\n<p>Viel Spass dabei.<\/p>\n<p><strong><a href=\"http:\/\/swiss-functional-training.ch?page_id=966\">Beweglichkeit &amp; Mobilisation<\/a><\/strong><\/p>\n<p><strong><\/strong><a href=\"http:\/\/swiss-functional-training.ch?page_id=964\"><strong>Natural Running &amp; Lauf ABC<\/strong><\/a><\/p>\n<p><a href=\"http:\/\/swiss-functional-training.ch?page_id=968\"><strong>Kraft<\/strong><\/a><\/p>\n<p>&nbsp;<\/p>\n<p><a href=\"http:\/\/swiss-functional-training.chwp-content\/uploads\/2013\/12\/no-pain-no-gain-no-effort-no-success2-Kopie.jpg\"><img loading=\"lazy\" decoding=\"async\" class=\"aligncenter size-large wp-image-1471\" alt=\"no effort no success\" src=\"http:\/\/swiss-functional-training.chwp-content\/uploads\/2013\/12\/no-pain-no-gain-no-effort-no-success2-Kopie-1024x420.jpg\" width=\"584\" height=\"239\" srcset=\"https:\/\/swiss-functional-training.ch\/wp-content\/uploads\/2013\/12\/no-pain-no-gain-no-effort-no-success2-Kopie-1024x420.jpg 1024w, https:\/\/swiss-functional-training.ch\/wp-content\/uploads\/2013\/12\/no-pain-no-gain-no-effort-no-success2-Kopie-300x123.jpg 300w, https:\/\/swiss-functional-training.ch\/wp-content\/uploads\/2013\/12\/no-pain-no-gain-no-effort-no-success2-Kopie-600x246.jpg 600w, https:\/\/swiss-functional-training.ch\/wp-content\/uploads\/2013\/12\/no-pain-no-gain-no-effort-no-success2-Kopie-500x205.jpg 500w, https:\/\/swiss-functional-training.ch\/wp-content\/uploads\/2013\/12\/no-pain-no-gain-no-effort-no-success2-Kopie.jpg 1250w\" sizes=\"auto, (max-width: 584px) 100vw, 584px\" \/><\/a><\/p>\n","protected":false},"excerpt":{"rendered":"<p>Hier finden Sie eine kleine Auswahl einiger sinnvoller \u00dcbungen f\u00fcr ein gesundheitsorientiertes Functional Training. Viel Spass dabei. Beweglichkeit &amp; Mobilisation Natural Running &amp; Lauf ABC Kraft &nbsp;<\/p>\n","protected":false},"author":1,"featured_media":0,"parent":0,"menu_order":0,"comment_status":"closed","ping_status":"closed","template":"sidebar-page.php","meta":{"footnotes":""},"class_list":["post-946","page","type-page","status-publish","hentry"],"_links":{"self":[{"href":"https:\/\/swiss-functional-training.ch\/index.php?rest_route=\/wp\/v2\/pages\/946","targetHints":{"allow":["GET"]}}],"collection":[{"href":"https:\/\/swiss-functional-training.ch\/index.php?rest_route=\/wp\/v2\/pages"}],"about":[{"href":"https:\/\/swiss-functional-training.ch\/index.php?rest_route=\/wp\/v2\/types\/page"}],"author":[{"embeddable":true,"href":"https:\/\/swiss-functional-training.ch\/index.php?rest_route=\/wp\/v2\/users\/1"}],"replies":[{"embeddable":true,"href":"https:\/\/swiss-functional-training.ch\/index.php?rest_route=%2Fwp%2Fv2%2Fcomments&post=946"}],"version-history":[{"count":16,"href":"https:\/\/swiss-functional-training.ch\/index.php?rest_route=\/wp\/v2\/pages\/946\/revisions"}],"predecessor-version":[{"id":1473,"href":"https:\/\/swiss-functional-training.ch\/index.php?rest_route=\/wp\/v2\/pages\/946\/revisions\/1473"}],"wp:attachment":[{"href":"https:\/\/swiss-functional-training.ch\/index.php?rest_route=%2Fwp%2Fv2%2Fmedia&parent=946"}],"curies":[{"name":"wp","href":"https:\/\/api.w.org\/{rel}","templated":true}]}}